{"id":2758,"date":"2022-02-23T15:39:56","date_gmt":"2022-02-23T14:39:56","guid":{"rendered":"https:\/\/planetrentacar.me\/?page_id=2758"},"modified":"2026-03-17T13:51:41","modified_gmt":"2026-03-17T12:51:41","slug":"cesto-postavljana-pitanja","status":"publish","type":"page","link":"https:\/\/planetrentacar.me\/en\/cesto-postavljana-pitanja\/","title":{"rendered":"FAQ"},"content":{"rendered":"<section class=\"wpb-content-wrapper\"><div class=\"vc_row wpb_row vc_row-fluid vc-slider-bg vc-slider-bg-687193\"><div class=\"wpb_column vc_column_container vc_col-sm-12\"><div class=\"vc_column-inner\"><div class=\"wpb_wrapper\">\n\t<div  class=\"wpb_single_image wpb_content_element vc_align_center\">\n\t\t\n\t\t<figure class=\"wpb_wrapper vc_figure\">\n\t\t\t<div class=\"vc_single_image-wrapper   vc_box_border_grey\"><img decoding=\"async\" width=\"300\" height=\"102\" src=\"https:\/\/planetrentacar.me\/wp-content\/uploads\/2020\/02\/Untitled-1-01-300x102.png\" class=\"vc_single_image-img attachment-medium\" alt=\"rent a car podgorica\" title=\"\" srcset=\"https:\/\/planetrentacar.me\/wp-content\/uploads\/2020\/02\/Untitled-1-01-300x102.png 300w, https:\/\/planetrentacar.me\/wp-content\/uploads\/2020\/02\/Untitled-1-01-600x203.png 600w, https:\/\/planetrentacar.me\/wp-content\/uploads\/2020\/02\/Untitled-1-01-768x260.png 768w, https:\/\/planetrentacar.me\/wp-content\/uploads\/2020\/02\/Untitled-1-01.png 894w\" sizes=\"(max-width: 300px) 100vw, 300px\" \/><\/div>\n\t\t<\/figure>\n\t<\/div>\n<div class=\"vc_empty_space\"   style=\"height: 32px\"><span class=\"vc_empty_space_inner\"><\/span><\/div><h2 style=\"text-align: left;font-family:Abril Fatface;font-weight:400;font-style:normal\" class=\"vc_custom_heading wpb_animate_when_almost_visible wpb_zoomInLeft zoomInLeft\" >Frequently asked questions before renting<\/h2><div class=\"vc_tta-container\" data-vc-action=\"collapse\"><div class=\"vc_general vc_tta vc_tta-tabs vc_tta-color-grey vc_tta-style-classic vc_tta-shape-rounded vc_tta-spacing-1 vc_tta-tabs-position-left vc_tta-controls-align-left\"><div class=\"vc_tta-tabs-container\"><ul class=\"vc_tta-tabs-list\"><li class=\"vc_tta-tab vc_active\" data-vc-tab><a href=\"#1645627480779-002b51d5-38c8\" data-vc-tabs data-vc-container=\".vc_tta\"><i class=\"vc_tta-icon far fa-question-circle\"><\/i><span class=\"vc_tta-title-text\">What is included in the price?<\/span><\/a><\/li><li class=\"vc_tta-tab\" data-vc-tab><a href=\"#1645627480795-6fcf1c4c-d6fb\" data-vc-tabs data-vc-container=\".vc_tta\"><i class=\"vc_tta-icon far fa-question-circle\"><\/i><span class=\"vc_tta-title-text\">Other rental conditions:<\/span><\/a><\/li><li class=\"vc_tta-tab\" data-vc-tab><a href=\"#1645627718801-f3bfa354-b1b8\" data-vc-tabs data-vc-container=\".vc_tta\"><i class=\"vc_tta-icon far fa-question-circle\"><\/i><span class=\"vc_tta-title-text\">Additional options:<\/span><\/a><\/li><\/ul><\/div><div class=\"vc_tta-panels-container\"><div class=\"vc_tta-panels\"><div class=\"vc_tta-panel vc_active\" id=\"1645627480779-002b51d5-38c8\" data-vc-content=\".vc_tta-panel-body\"><div class=\"vc_tta-panel-heading\"><h4 class=\"vc_tta-panel-title\"><a href=\"#1645627480779-002b51d5-38c8\" data-vc-accordion data-vc-container=\".vc_tta-container\"><i class=\"vc_tta-icon far fa-question-circle\"><\/i><span class=\"vc_tta-title-text\">What is included in the price?<\/span><\/a><\/h4><\/div><div class=\"vc_tta-panel-body\">\n\t<div class=\"wpb_text_column wpb_content_element\" >\n\t\t<div class=\"wpb_wrapper\">\n\t\t\t<ul>\n<li style=\"font-weight: 400;\" aria-level=\"1\"><span style=\"font-weight: 400;\">Unlimited mileage on the territory of Montenegro.<\/span><\/li>\n<li style=\"font-weight: 400;\" aria-level=\"1\"><span style=\"font-weight: 400;\">Regular car insurance (full coverage even if you are not at fault in the accident).<\/span><\/li>\n<li style=\"font-weight: 400;\" aria-level=\"1\"><span style=\"font-weight: 400;\">Delivery and pickup at Podgorica airport.<\/span><\/li>\n<\/ul>\n\n\t\t<\/div>\n\t<\/div>\n<\/div><\/div><div class=\"vc_tta-panel\" id=\"1645627480795-6fcf1c4c-d6fb\" data-vc-content=\".vc_tta-panel-body\"><div class=\"vc_tta-panel-heading\"><h4 class=\"vc_tta-panel-title\"><a href=\"#1645627480795-6fcf1c4c-d6fb\" data-vc-accordion data-vc-container=\".vc_tta-container\"><i class=\"vc_tta-icon far fa-question-circle\"><\/i><span class=\"vc_tta-title-text\">Other rental conditions:<\/span><\/a><\/h4><\/div><div class=\"vc_tta-panel-body\">\n\t<div class=\"wpb_text_column wpb_content_element\" >\n\t\t<div class=\"wpb_wrapper\">\n\t\t\t<ul>\n<li style=\"font-weight: 400;\" aria-level=\"1\"><span style=\"font-weight: 400;\">Fuel policy: how much is taken, how much is returned.<\/span><\/li>\n<li style=\"font-weight: 400;\" aria-level=\"1\"><span style=\"font-weight: 400;\">Delivery and pickup outside Podgorica is charged additionally.<\/span><\/li>\n<li style=\"font-weight: 400;\" aria-level=\"1\"><span style=\"font-weight: 400;\">Delivery and pickup to an address in Podgorica 5 EUR.<\/span><\/li>\n<li style=\"font-weight: 400;\" aria-level=\"1\"><span style=\"font-weight: 400;\">The client's obligation is to return the car clean, otherwise the washing fee is 10EUR (or more depending on the vehicle).<\/span><\/li>\n<li style=\"font-weight: 400;\" aria-level=\"1\"><span style=\"font-weight: 400;\">In the event that the user takes out CASCO insurance, a police report is required in the event of an accident. Otherwise, the client will be liable for the damage.<\/span><\/li>\n<\/ul>\n\n\t\t<\/div>\n\t<\/div>\n<\/div><\/div><div class=\"vc_tta-panel\" id=\"1645627718801-f3bfa354-b1b8\" data-vc-content=\".vc_tta-panel-body\"><div class=\"vc_tta-panel-heading\"><h4 class=\"vc_tta-panel-title\"><a href=\"#1645627718801-f3bfa354-b1b8\" data-vc-accordion data-vc-container=\".vc_tta-container\"><i class=\"vc_tta-icon far fa-question-circle\"><\/i><span class=\"vc_tta-title-text\">Additional options:<\/span><\/a><\/h4><\/div><div class=\"vc_tta-panel-body\">\n\t<div class=\"wpb_text_column wpb_content_element\" >\n\t\t<div class=\"wpb_wrapper\">\n\t\t\t<ul>\n<li style=\"font-weight: 400;\" aria-level=\"1\"><span style=\"font-weight: 400;\">KASKO osiguranje sa maksimalno 300e u\u010de\u0161\u0107e u \u0161teti,\u00a0 5 &#8211; 15 EUR\u00a0 dan u zavisnosti od vozila.<\/span><\/li>\n<li style=\"font-weight: 400;\" aria-level=\"1\"><span style=\"font-weight: 400;\">Permission to leave the country with a green card, 50 EUR<\/span><\/li>\n<li style=\"font-weight: 400;\" aria-level=\"1\"><span style=\"font-weight: 400;\">Internet in the vehicle, 5 EUR per day<\/span><\/li>\n<li style=\"font-weight: 400;\" aria-level=\"1\"><span style=\"font-weight: 400;\">Child seat, 3 EUR per day<\/span><\/li>\n<\/ul>\n\n\t\t<\/div>\n\t<\/div>\n<\/div><\/div><\/div><\/div><\/div><\/div><div class=\"vc_empty_space\"   style=\"height: 32px\"><span class=\"vc_empty_space_inner\"><\/span><\/div>\n\t<div  class=\"wpb_single_image wpb_content_element vc_align_center\">\n\t\t\n\t\t<figure class=\"wpb_wrapper vc_figure\">\n\t\t\t<div class=\"vc_single_image-wrapper   vc_box_border_grey\"><img fetchpriority=\"high\" decoding=\"async\" width=\"500\" height=\"333\" src=\"https:\/\/planetrentacar.me\/wp-content\/uploads\/2025\/06\/ChatGPT-Image-May-11-2025-08_28_48-PM-500x333.png\" class=\"vc_single_image-img attachment-medium\" alt=\"\" title=\"rent a car podgorica airport\" srcset=\"https:\/\/planetrentacar.me\/wp-content\/uploads\/2025\/06\/ChatGPT-Image-May-11-2025-08_28_48-PM-500x333.png 500w, https:\/\/planetrentacar.me\/wp-content\/uploads\/2025\/06\/ChatGPT-Image-May-11-2025-08_28_48-PM-1024x683.png 1024w, https:\/\/planetrentacar.me\/wp-content\/uploads\/2025\/06\/ChatGPT-Image-May-11-2025-08_28_48-PM-768x512.png 768w, https:\/\/planetrentacar.me\/wp-content\/uploads\/2025\/06\/ChatGPT-Image-May-11-2025-08_28_48-PM-18x12.png 18w, https:\/\/planetrentacar.me\/wp-content\/uploads\/2025\/06\/ChatGPT-Image-May-11-2025-08_28_48-PM-150x100.png 150w, https:\/\/planetrentacar.me\/wp-content\/uploads\/2025\/06\/ChatGPT-Image-May-11-2025-08_28_48-PM-300x200.png 300w, https:\/\/planetrentacar.me\/wp-content\/uploads\/2025\/06\/ChatGPT-Image-May-11-2025-08_28_48-PM.png 1536w\" sizes=\"(max-width: 500px) 100vw, 500px\" \/><\/div>\n\t\t<\/figure>\n\t<\/div>\n<\/div><\/div><\/div><\/div>\n<\/section>","protected":false},"excerpt":{"rendered":"Naj\u010de\u0161\u0107a pitanja prije najma\u0160ta je uklju\u010deno u cijenu?Ostali uslovi najma:Dodatne opcije:\u0160ta je uklju\u010deno u cijenu? Neograni\u010dena KM na teritoriji CG. Regularno auto osiguranje (puna pokrivenost i ukoliko niste krivac u nezgodi). Dostava i preuzimanje na aerodromu Podgorica. Ostali uslovi najma: Politika goriva: na koliko se preuzme na toliko se i vrati. Dostava i preuzimanje van [...]","protected":false},"author":1,"featured_media":0,"parent":0,"menu_order":0,"comment_status":"closed","ping_status":"closed","template":"","meta":{"footnotes":""},"class_list":["post-2758","page","type-page","status-publish","hentry"],"_links":{"self":[{"href":"https:\/\/planetrentacar.me\/en\/wp-json\/wp\/v2\/pages\/2758"}],"collection":[{"href":"https:\/\/planetrentacar.me\/en\/wp-json\/wp\/v2\/pages"}],"about":[{"href":"https:\/\/planetrentacar.me\/en\/wp-json\/wp\/v2\/types\/page"}],"author":[{"embeddable":true,"href":"https:\/\/planetrentacar.me\/en\/wp-json\/wp\/v2\/users\/1"}],"replies":[{"embeddable":true,"href":"https:\/\/planetrentacar.me\/en\/wp-json\/wp\/v2\/comments?post=2758"}],"version-history":[{"count":7,"href":"https:\/\/planetrentacar.me\/en\/wp-json\/wp\/v2\/pages\/2758\/revisions"}],"predecessor-version":[{"id":4494,"href":"https:\/\/planetrentacar.me\/en\/wp-json\/wp\/v2\/pages\/2758\/revisions\/4494"}],"wp:attachment":[{"href":"https:\/\/planetrentacar.me\/en\/wp-json\/wp\/v2\/media?parent=2758"}],"curies":[{"name":"wp","href":"https:\/\/api.w.org\/{rel}","templated":true}]}}