{"id":2,"date":"2020-02-10T20:18:42","date_gmt":"2020-02-10T19:18:42","guid":{"rendered":"https:\/\/planetrentacar.me\/?page_id=2"},"modified":"2025-12-17T18:35:25","modified_gmt":"2025-12-17T17:35:25","slug":"about","status":"publish","type":"page","link":"https:\/\/planetrentacar.me\/en\/about\/","title":{"rendered":"About us"},"content":{"rendered":"<section class=\"wpb-content-wrapper\"><div class=\"vc_row wpb_row vc_row-fluid vc-slider-bg vc-slider-bg-622380\"><div class=\"wpb_column vc_column_container vc_col-sm-12\"><div class=\"vc_column-inner\"><div class=\"wpb_wrapper\"><div class=\"vc_row wpb_row vc_inner vc_row-fluid\"><div class=\"wpb_column vc_column_container vc_col-sm-12\"><div class=\"vc_column-inner\"><div class=\"wpb_wrapper\">\n\t<div  class=\"wpb_single_image wpb_content_element vc_align_center  wpb_animate_when_almost_visible wpb_bounceInLeft bounceInLeft\">\n\t\t\n\t\t<figure class=\"wpb_wrapper vc_figure\">\n\t\t\t<div class=\"vc_single_image-wrapper   vc_box_border_grey\"><img decoding=\"async\" width=\"300\" height=\"102\" src=\"https:\/\/planetrentacar.me\/wp-content\/uploads\/2020\/02\/Untitled-1-01-300x102.png\" class=\"vc_single_image-img attachment-medium\" alt=\"rent a car podgorica\" title=\"\" srcset=\"https:\/\/planetrentacar.me\/wp-content\/uploads\/2020\/02\/Untitled-1-01-300x102.png 300w, https:\/\/planetrentacar.me\/wp-content\/uploads\/2020\/02\/Untitled-1-01-600x203.png 600w, https:\/\/planetrentacar.me\/wp-content\/uploads\/2020\/02\/Untitled-1-01-768x260.png 768w, https:\/\/planetrentacar.me\/wp-content\/uploads\/2020\/02\/Untitled-1-01.png 894w\" sizes=\"(max-width: 300px) 100vw, 300px\" \/><\/div>\n\t\t<\/figure>\n\t<\/div>\n<\/div><\/div><\/div><\/div><\/div><\/div><\/div><\/div><div class=\"vc_row wpb_row vc_row-fluid vc-slider-bg vc-slider-bg-450760\"><div class=\"wpb_column vc_column_container vc_col-sm-3\"><div class=\"vc_column-inner\"><div class=\"wpb_wrapper\"><\/div><\/div><\/div><div class=\"wpb_column vc_column_container vc_col-sm-6\"><div class=\"vc_column-inner\"><div class=\"wpb_wrapper\"><h2 style=\"text-align: left;font-family:Abril Fatface;font-weight:400;font-style:normal\" class=\"vc_custom_heading wpb_animate_when_almost_visible wpb_fadeInRight fadeInRight\" >Our approach<\/h2>\n\t<div class=\"wpb_text_column wpb_content_element\" >\n\t\t<div class=\"wpb_wrapper\">\n\t\t\t<p>The desire to give the maximum contribution in the sector of transport needs was defined as:<\/p>\n<ul>\n<li>the most flexible car rental agency in Montenegro<\/li>\n<li>we have rules, but we are always ready to meet special needs<\/li>\n<li>we deliver and pick up vehicles at any location from the territory of Montenegro, as well as from the surrounding countries.<\/li>\n<\/ul>\n\n\t\t<\/div>\n\t<\/div>\n<\/div><\/div><\/div><div class=\"wpb_column vc_column_container vc_col-sm-3\"><div class=\"vc_column-inner\"><div class=\"wpb_wrapper\"><\/div><\/div><\/div><\/div><div class=\"vc_row wpb_row vc_row-fluid vc-slider-bg vc-slider-bg-710040\"><div class=\"wpb_column vc_column_container vc_col-sm-3\"><div class=\"vc_column-inner\"><div class=\"wpb_wrapper\"><\/div><\/div><\/div><div class=\"wpb_column vc_column_container vc_col-sm-6\"><div class=\"vc_column-inner\"><div class=\"wpb_wrapper\"><h2 style=\"text-align: left;font-family:Abril Fatface;font-weight:400;font-style:normal\" class=\"vc_custom_heading wpb_animate_when_almost_visible wpb_fadeInLeftBig fadeInLeftBig\" >Our story<\/h2>\n\t<div class=\"wpb_text_column wpb_content_element\" >\n\t\t<div class=\"wpb_wrapper\">\n\t\t\t<p>We started in 2016, with a modest number of vehicles as well as a choice of classes. With only four vehicles at the start, our fleet now consists of 90 vehicles. We own all categories of passenger vehicles.<\/p>\n\n\t\t<\/div>\n\t<\/div>\n<\/div><\/div><\/div><div class=\"wpb_column vc_column_container vc_col-sm-3\"><div class=\"vc_column-inner\"><div class=\"wpb_wrapper\"><\/div><\/div><\/div><\/div><div class=\"vc_row wpb_row vc_row-fluid vc-slider-bg vc-slider-bg-252224\"><div class=\"wpb_column vc_column_container vc_col-sm-3\"><div class=\"vc_column-inner\"><div class=\"wpb_wrapper\"><\/div><\/div><\/div><div class=\"wpb_column vc_column_container vc_col-sm-6\"><div class=\"vc_column-inner\"><div class=\"wpb_wrapper\"><h2 style=\"text-align: left;font-family:Abril Fatface;font-weight:400;font-style:normal\" class=\"vc_custom_heading wpb_animate_when_almost_visible wpb_fadeInRight fadeInRight\" >We are here for you<\/h2>\n\t<div class=\"wpb_text_column wpb_content_element\" >\n\t\t<div class=\"wpb_wrapper\">\n\t\t\t<p>Our team is always available. You can contact us by phone +38269810805 or by email at <a href=\"mailto:info@planetrentacar.a2hosted.com\">info@planetrentacar.me<\/a><\/p>\n<p>Meriem doo<br \/>\nPib: 02967367<br \/>\nBulevar Veljka Vlahovi\u0107a 16<br \/>\ninfo@planetrentacar.me<br \/>\n+382 69 810 805<\/p>\n\n\t\t<\/div>\n\t<\/div>\n<h2 style=\"text-align: left;font-family:Abril Fatface;font-weight:400;font-style:normal\" class=\"vc_custom_heading wpb_animate_when_almost_visible wpb_fadeInRight fadeInRight\" >Online payment<\/h2>\n\t<div class=\"wpb_text_column wpb_content_element\" >\n\t\t<div class=\"wpb_wrapper\">\n\t\t\t<p>Meriem doo is committed to protecting the personal data of customers, by collecting only the necessary, basic data about customers\/users that are necessary to fulfill our obligations; informing customers about the use of the collected data, regularly giving customers the opportunity to choose how their data is used, including the opportunity to decide whether or not they want their name to be removed from lists used for marketing campaigns. All user data is strictly kept and is only accessible to employees who need the data to perform their job. All employees of PLANET RENT A CAR and business partners are responsible for respecting the principles of privacy protection.<\/p>\n\n\t\t<\/div>\n\t<\/div>\n\n\t<div class=\"wpb_text_column wpb_content_element\" >\n\t\t<div class=\"wpb_wrapper\">\n\t\t\t<p style=\"text-align: center;\"><img decoding=\"async\" class=\"alignnone size-full wp-image-4034\" src=\"https:\/\/planetrentacar.me\/wp-content\/uploads\/2024\/03\/AmericanExpress50.webp\" alt=\"\" width=\"50\" height=\"50\" srcset=\"https:\/\/planetrentacar.me\/wp-content\/uploads\/2024\/03\/AmericanExpress50.webp 50w, https:\/\/planetrentacar.me\/wp-content\/uploads\/2024\/03\/AmericanExpress50-12x12.webp 12w\" sizes=\"(max-width: 50px) 100vw, 50px\" \/> <img decoding=\"async\" class=\"alignnone wp-image-4038 size-full\" src=\"https:\/\/planetrentacar.me\/wp-content\/uploads\/2024\/03\/Visa50.webp\" alt=\"\" width=\"80\" height=\"50\" srcset=\"https:\/\/planetrentacar.me\/wp-content\/uploads\/2024\/03\/Visa50.webp 80w, https:\/\/planetrentacar.me\/wp-content\/uploads\/2024\/03\/Visa50-18x12.webp 18w\" sizes=\"(max-width: 80px) 100vw, 80px\" \/> <img loading=\"lazy\" decoding=\"async\" class=\"alignnone size-full wp-image-4036\" src=\"https:\/\/planetrentacar.me\/wp-content\/uploads\/2024\/03\/MasterCard50.webp\" alt=\"\" width=\"70\" height=\"50\" srcset=\"https:\/\/planetrentacar.me\/wp-content\/uploads\/2024\/03\/MasterCard50.webp 70w, https:\/\/planetrentacar.me\/wp-content\/uploads\/2024\/03\/MasterCard50-18x12.webp 18w\" sizes=\"(max-width: 70px) 100vw, 70px\" \/> <img loading=\"lazy\" decoding=\"async\" class=\"alignnone size-full wp-image-4035\" src=\"https:\/\/planetrentacar.me\/wp-content\/uploads\/2024\/03\/maestro50.webp\" alt=\"\" width=\"60\" height=\"50\" srcset=\"https:\/\/planetrentacar.me\/wp-content\/uploads\/2024\/03\/maestro50.webp 60w, https:\/\/planetrentacar.me\/wp-content\/uploads\/2024\/03\/maestro50-14x12.webp 14w\" sizes=\"(max-width: 60px) 100vw, 60px\" \/> <img loading=\"lazy\" decoding=\"async\" class=\"alignnone size-full wp-image-4037\" src=\"https:\/\/planetrentacar.me\/wp-content\/uploads\/2024\/03\/mastercard-identity-check.webp\" alt=\"\" width=\"67\" height=\"50\" srcset=\"https:\/\/planetrentacar.me\/wp-content\/uploads\/2024\/03\/mastercard-identity-check.webp 67w, https:\/\/planetrentacar.me\/wp-content\/uploads\/2024\/03\/mastercard-identity-check-16x12.webp 16w, https:\/\/planetrentacar.me\/wp-content\/uploads\/2024\/03\/mastercard-identity-check-65x50.webp 65w\" sizes=\"(max-width: 67px) 100vw, 67px\" \/> <img loading=\"lazy\" decoding=\"async\" class=\"alignnone size-full wp-image-4039\" src=\"https:\/\/planetrentacar.me\/wp-content\/uploads\/2024\/03\/visa-secure.webp\" alt=\"\" width=\"50\" height=\"50\" srcset=\"https:\/\/planetrentacar.me\/wp-content\/uploads\/2024\/03\/visa-secure.webp 50w, https:\/\/planetrentacar.me\/wp-content\/uploads\/2024\/03\/visa-secure-12x12.webp 12w\" sizes=\"(max-width: 50px) 100vw, 50px\" \/><\/p>\n\n\t\t<\/div>\n\t<\/div>\n<\/div><\/div><\/div><div class=\"wpb_column vc_column_container vc_col-sm-3\"><div class=\"vc_column-inner\"><div class=\"wpb_wrapper\"><\/div><\/div><\/div><\/div><div class=\"vc_row wpb_row vc_row-fluid vc-slider-bg vc-slider-bg-219600\"><div class=\"wpb_column vc_column_container vc_col-sm-3\"><div class=\"vc_column-inner\"><div class=\"wpb_wrapper\"><\/div><\/div><\/div><div class=\"wpb_column vc_column_container vc_col-sm-6\"><div class=\"vc_column-inner\"><div class=\"wpb_wrapper\"><div class=\"vc_empty_space\"   style=\"height: 32px\"><span class=\"vc_empty_space_inner\"><\/span><\/div><h2 style=\"text-align: center;font-family:Abril Fatface;font-weight:400;font-style:normal\" class=\"vc_custom_heading wpb_animate_when_almost_visible wpb_fadeIn fadeIn\" >Contact Us<\/h2>\n<div class=\"wpcf7 no-js\" id=\"wpcf7-f496-o1\" lang=\"bs-BA\" dir=\"ltr\" data-wpcf7-id=\"496\">\n<div class=\"screen-reader-response\"><p role=\"status\" aria-live=\"polite\" aria-atomic=\"true\"><\/p> <ul><\/ul><\/div>\n<form action=\"\/en\/wp-json\/wp\/v2\/pages\/2#wpcf7-f496-o1\" method=\"post\" class=\"wpcf7-form init\" aria-label=\"Kontakt obrazac\" novalidate=\"novalidate\" data-status=\"init\" data-trp-original-action=\"\/en\/wp-json\/wp\/v2\/pages\/2#wpcf7-f496-o1\">\n<div style=\"display: none;\">\n<input type=\"hidden\" name=\"_wpcf7\" value=\"496\" \/>\n<input type=\"hidden\" name=\"_wpcf7_version\" value=\"6.0.6\" \/>\n<input type=\"hidden\" name=\"_wpcf7_locale\" value=\"bs_BA\" \/>\n<input type=\"hidden\" name=\"_wpcf7_unit_tag\" value=\"wpcf7-f496-o1\" \/>\n<input type=\"hidden\" name=\"_wpcf7_container_post\" value=\"0\" \/>\n<input type=\"hidden\" name=\"_wpcf7_posted_data_hash\" value=\"\" \/>\n<\/div>\n<label> Your name\n    <span class=\"wpcf7-form-control-wrap\" data-name=\"your-name\"><input size=\"40\" maxlength=\"400\" class=\"wpcf7-form-control wpcf7-text wpcf7-validates-as-required\" aria-required=\"true\" aria-invalid=\"false\" value=\"\" type=\"text\" name=\"your-name\" \/><\/span> <\/label>\n\n<label> Your e-mail\n    <span class=\"wpcf7-form-control-wrap\" data-name=\"your-email\"><input size=\"40\" maxlength=\"400\" class=\"wpcf7-form-control wpcf7-email wpcf7-validates-as-required wpcf7-text wpcf7-validates-as-email\" aria-required=\"true\" aria-invalid=\"false\" value=\"\" type=\"email\" name=\"your-email\" \/><\/span> <\/label>\n\n<label> Subject\n    <span class=\"wpcf7-form-control-wrap\" data-name=\"your-subject\"><input size=\"40\" maxlength=\"400\" class=\"wpcf7-form-control wpcf7-text wpcf7-validates-as-required\" aria-required=\"true\" aria-invalid=\"false\" value=\"\" type=\"text\" name=\"your-subject\" \/><\/span> <\/label>\n\n<label> Your message\n    <span class=\"wpcf7-form-control-wrap\" data-name=\"your-message\"><textarea cols=\"40\" rows=\"10\" maxlength=\"2000\" class=\"wpcf7-form-control wpcf7-textarea\" aria-invalid=\"false\" name=\"your-message\"><\/textarea><\/span> <\/label>\n\n<input class=\"wpcf7-form-control wpcf7-submit has-spinner\" type=\"submit\" value=\"Send\" \/><div class=\"wpcf7-response-output\" aria-hidden=\"true\"><\/div>\n<input type=\"hidden\" name=\"trp-form-language\" value=\"en\"\/><\/form>\n<\/div>\n<\/div><\/div><\/div><div class=\"wpb_column vc_column_container vc_col-sm-3\"><div class=\"vc_column-inner\"><div class=\"wpb_wrapper\"><\/div><\/div><\/div><\/div>\n<\/section>","protected":false},"excerpt":{"rendered":"Na\u0161 pristup \u017delja da damo maksimalni doprinos u sektoru prevozinih potreba definisala je kao: najfleksibilniju rent a car agenciju u Crnoj Gori imamo pravila, ali smo uvijek spremni da iza\u0111emo u susret posebnim potrebama vr\u0161imo dostavu i preuzimanje vozila na bilo kojoj lokaciji sa teritorije Crne Gore, kao i iz zemalja u okru\u017eenju Na\u0161a pri\u010da [...]","protected":false},"author":1,"featured_media":0,"parent":0,"menu_order":0,"comment_status":"closed","ping_status":"closed","template":"","meta":{"footnotes":""},"class_list":["post-2","page","type-page","status-publish","hentry"],"_links":{"self":[{"href":"https:\/\/planetrentacar.me\/en\/wp-json\/wp\/v2\/pages\/2"}],"collection":[{"href":"https:\/\/planetrentacar.me\/en\/wp-json\/wp\/v2\/pages"}],"about":[{"href":"https:\/\/planetrentacar.me\/en\/wp-json\/wp\/v2\/types\/page"}],"author":[{"embeddable":true,"href":"https:\/\/planetrentacar.me\/en\/wp-json\/wp\/v2\/users\/1"}],"replies":[{"embeddable":true,"href":"https:\/\/planetrentacar.me\/en\/wp-json\/wp\/v2\/comments?post=2"}],"version-history":[{"count":1,"href":"https:\/\/planetrentacar.me\/en\/wp-json\/wp\/v2\/pages\/2\/revisions"}],"predecessor-version":[{"id":4405,"href":"https:\/\/planetrentacar.me\/en\/wp-json\/wp\/v2\/pages\/2\/revisions\/4405"}],"wp:attachment":[{"href":"https:\/\/planetrentacar.me\/en\/wp-json\/wp\/v2\/media?parent=2"}],"curies":[{"name":"wp","href":"https:\/\/api.w.org\/{rel}","templated":true}]}}